{"id":17,"date":"2018-06-13T19:10:35","date_gmt":"2018-06-13T19:10:35","guid":{"rendered":"https:\/\/meneervaneijck.nl\/?page_id=17"},"modified":"2026-01-22T09:13:57","modified_gmt":"2026-01-22T08:13:57","slug":"hotel","status":"publish","type":"page","link":"https:\/\/meneervaneijck.nl\/en\/hotel\/","title":{"rendered":"HOTEL"},"content":{"rendered":"<p>[et_pb_section fb_built=&#8221;1&#8243; fullwidth=&#8221;on&#8221; _builder_version=&#8221;4.27.3&#8243; background_image=&#8221;https:\/\/meneervaneijck.nl\/wp-content\/uploads\/2025\/05\/1G8A0852-2-scaled.jpg&#8221; custom_padding=&#8221;127px|0px|124px|0px&#8221; global_colors_info=&#8221;{}&#8221;][et_pb_fullwidth_header title=&#8221;Slapen in de bossen&#8221; text_orientation=&#8221;center&#8221; _builder_version=&#8221;4.16&#8243; title_font_size=&#8221;50px&#8221; background_color=&#8221;rgba(255, 255, 255, 0)&#8221; text_shadow_style=&#8221;preset2&#8243; text_shadow_horizontal_length=&#8221;0.17em&#8221; global_colors_info=&#8221;{}&#8221; button_one_text_size__hover_enabled=&#8221;off&#8221; button_one_text_size__hover=&#8221;null&#8221; button_two_text_size__hover_enabled=&#8221;off&#8221; button_two_text_size__hover=&#8221;null&#8221; button_one_text_color__hover_enabled=&#8221;off&#8221; button_one_text_color__hover=&#8221;null&#8221; button_two_text_color__hover_enabled=&#8221;off&#8221; button_two_text_color__hover=&#8221;null&#8221; button_one_border_width__hover_enabled=&#8221;off&#8221; button_one_border_width__hover=&#8221;null&#8221; button_two_border_width__hover_enabled=&#8221;off&#8221; button_two_border_width__hover=&#8221;null&#8221; button_one_border_color__hover_enabled=&#8221;off&#8221; button_one_border_color__hover=&#8221;null&#8221; button_two_border_color__hover_enabled=&#8221;off&#8221; button_two_border_color__hover=&#8221;null&#8221; button_one_border_radius__hover_enabled=&#8221;off&#8221; button_one_border_radius__hover=&#8221;null&#8221; button_two_border_radius__hover_enabled=&#8221;off&#8221; button_two_border_radius__hover=&#8221;null&#8221; button_one_letter_spacing__hover_enabled=&#8221;off&#8221; button_one_letter_spacing__hover=&#8221;null&#8221; button_two_letter_spacing__hover_enabled=&#8221;off&#8221; button_two_letter_spacing__hover=&#8221;null&#8221; button_one_bg_color__hover_enabled=&#8221;off&#8221; button_one_bg_color__hover=&#8221;null&#8221; button_two_bg_color__hover_enabled=&#8221;off&#8221; button_two_bg_color__hover=&#8221;null&#8221;][\/et_pb_fullwidth_header][\/et_pb_section][et_pb_section fb_built=&#8221;1&#8243; _builder_version=&#8221;4.16&#8243; custom_padding=&#8221;0|0px|7px|0px|false|false&#8221; global_colors_info=&#8221;{}&#8221;][et_pb_row column_structure=&#8221;1_2,1_2&#8243; _builder_version=&#8221;4.16&#8243; custom_padding=&#8221;27px|0px|6px|0px|false|false&#8221; global_colors_info=&#8221;{}&#8221;][et_pb_column type=&#8221;1_2&#8243; _builder_version=&#8221;4.16&#8243; custom_padding=&#8221;|||&#8221; global_colors_info=&#8221;{}&#8221; custom_padding__hover=&#8221;|||&#8221;][et_pb_text _builder_version=&#8221;4.27.3&#8243; text_font=&#8221;Carrois Gothic||||||||&#8221; text_font_size=&#8221;17px&#8221; z_index_tablet=&#8221;500&#8243; text_text_shadow_horizontal_length_tablet=&#8221;0px&#8221; text_text_shadow_vertical_length_tablet=&#8221;0px&#8221; text_text_shadow_blur_strength_tablet=&#8221;1px&#8221; link_text_shadow_horizontal_length_tablet=&#8221;0px&#8221; link_text_shadow_vertical_length_tablet=&#8221;0px&#8221; link_text_shadow_blur_strength_tablet=&#8221;1px&#8221; ul_text_shadow_horizontal_length_tablet=&#8221;0px&#8221; ul_text_shadow_vertical_length_tablet=&#8221;0px&#8221; ul_text_shadow_blur_strength_tablet=&#8221;1px&#8221; ol_text_shadow_horizontal_length_tablet=&#8221;0px&#8221; ol_text_shadow_vertical_length_tablet=&#8221;0px&#8221; ol_text_shadow_blur_strength_tablet=&#8221;1px&#8221; quote_text_shadow_horizontal_length_tablet=&#8221;0px&#8221; quote_text_shadow_vertical_length_tablet=&#8221;0px&#8221; quote_text_shadow_blur_strength_tablet=&#8221;1px&#8221; header_text_shadow_horizontal_length_tablet=&#8221;0px&#8221; header_text_shadow_vertical_length_tablet=&#8221;0px&#8221; header_text_shadow_blur_strength_tablet=&#8221;1px&#8221; header_2_text_shadow_horizontal_length_tablet=&#8221;0px&#8221; header_2_text_shadow_vertical_length_tablet=&#8221;0px&#8221; header_2_text_shadow_blur_strength_tablet=&#8221;1px&#8221; header_3_text_shadow_horizontal_length_tablet=&#8221;0px&#8221; header_3_text_shadow_vertical_length_tablet=&#8221;0px&#8221; header_3_text_shadow_blur_strength_tablet=&#8221;1px&#8221; header_4_text_shadow_horizontal_length_tablet=&#8221;0px&#8221; header_4_text_shadow_vertical_length_tablet=&#8221;0px&#8221; header_4_text_shadow_blur_strength_tablet=&#8221;1px&#8221; header_5_text_shadow_horizontal_length_tablet=&#8221;0px&#8221; header_5_text_shadow_vertical_length_tablet=&#8221;0px&#8221; header_5_text_shadow_blur_strength_tablet=&#8221;1px&#8221; header_6_text_shadow_horizontal_length_tablet=&#8221;0px&#8221; header_6_text_shadow_vertical_length_tablet=&#8221;0px&#8221; header_6_text_shadow_blur_strength_tablet=&#8221;1px&#8221; box_shadow_horizontal_tablet=&#8221;0px&#8221; box_shadow_vertical_tablet=&#8221;0px&#8221; box_shadow_blur_tablet=&#8221;40px&#8221; box_shadow_spread_tablet=&#8221;0px&#8221; global_colors_info=&#8221;{}&#8221;]<\/p>\n<p>Stel je eens voor, je wordt \u2019s ochtends wakker met het gezang van vogels en je draait je nog een keertje om onder je comfortabele dekbed. Langzaam ontwaak je en als je je benen buiten het bed hebt gezet, geniet je van het prachtige uitzicht op het bos. Na een heerlijke douche ga je naar beneden en de geur van verse koffie komt je tegemoet, ontspannen schuif je aan aan een uitgebreid ontbijt, met verse broodjes en scrambled eggs. Je voelt je uitgerust en er echt even \u2018helemaal tussenuit\u2019.<\/p>\n<p>Zo zien wij graag dat u een overnachting bij Meneer van Eijck beleeft. Dat u heerlijk slaapt in een van onze landelijk ingerichte kamers en u helemaal op uw gemak voelt bij ons. We beschikken over 12 kamers, elk met een ander landelijk interieur. Zo hebben we twee \u00e9\u00e9npersoonskamers, negen tweepersoonskamers en \u00e9\u00e9n familiekamer waar u met vier personen kunt slapen. U kunt uw kamer direct boeken en het ontbijt is altijd bij de prijs inbegrepen.<\/p>\n<p>Ons hotel met 12 kamers kunt u reeds volledig afhuren.<\/p>\n<p>[\/et_pb_text][\/et_pb_column][et_pb_column type=&#8221;1_2&#8243; _builder_version=&#8221;4.16&#8243; custom_padding=&#8221;|||&#8221; global_colors_info=&#8221;{}&#8221; custom_padding__hover=&#8221;|||&#8221;][et_pb_cta button_url=&#8221;https:\/\/booking.roomraccoon.nl\/mijnheer-van-eijck\/nl\/&#8221; url_new_window=&#8221;on&#8221; button_text=&#8221;Reserveer hier uw kamer&#8221; _builder_version=&#8221;4.27.3&#8243; background_image=&#8221;https:\/\/meneervaneijck.nl\/wp-content\/uploads\/2025\/05\/1G8A0795-2-scaled.jpg&#8221; custom_button=&#8221;on&#8221; button_text_color=&#8221;#ffffff&#8221; button_bg_color=&#8221;#a69142&#8243; button_border_color=&#8221;#a69142&#8243; button_border_radius=&#8221;100px&#8221; hover_enabled=&#8221;0&#8243; global_colors_info=&#8221;{}&#8221; button_text_size__hover_enabled=&#8221;off&#8221; button_text_size__hover=&#8221;null&#8221; button_one_text_size__hover_enabled=&#8221;off&#8221; button_one_text_size__hover=&#8221;null&#8221; button_two_text_size__hover_enabled=&#8221;off&#8221; button_two_text_size__hover=&#8221;null&#8221; button_text_color__hover_enabled=&#8221;off&#8221; button_text_color__hover=&#8221;null&#8221; button_one_text_color__hover_enabled=&#8221;off&#8221; button_one_text_color__hover=&#8221;null&#8221; button_two_text_color__hover_enabled=&#8221;off&#8221; button_two_text_color__hover=&#8221;null&#8221; button_border_width__hover_enabled=&#8221;off&#8221; button_border_width__hover=&#8221;null&#8221; button_one_border_width__hover_enabled=&#8221;off&#8221; button_one_border_width__hover=&#8221;null&#8221; button_two_border_width__hover_enabled=&#8221;off&#8221; button_two_border_width__hover=&#8221;null&#8221; button_border_color__hover_enabled=&#8221;off&#8221; button_border_color__hover=&#8221;null&#8221; button_one_border_color__hover_enabled=&#8221;off&#8221; button_one_border_color__hover=&#8221;null&#8221; button_two_border_color__hover_enabled=&#8221;off&#8221; button_two_border_color__hover=&#8221;null&#8221; button_border_radius__hover_enabled=&#8221;off&#8221; button_border_radius__hover=&#8221;null&#8221; button_one_border_radius__hover_enabled=&#8221;off&#8221; button_one_border_radius__hover=&#8221;null&#8221; button_two_border_radius__hover_enabled=&#8221;off&#8221; button_two_border_radius__hover=&#8221;null&#8221; button_letter_spacing__hover_enabled=&#8221;off&#8221; button_letter_spacing__hover=&#8221;null&#8221; button_one_letter_spacing__hover_enabled=&#8221;off&#8221; button_one_letter_spacing__hover=&#8221;null&#8221; button_two_letter_spacing__hover_enabled=&#8221;off&#8221; button_two_letter_spacing__hover=&#8221;null&#8221; button_bg_color__hover_enabled=&#8221;off&#8221; button_bg_color__hover=&#8221;null&#8221; button_one_bg_color__hover_enabled=&#8221;off&#8221; button_one_bg_color__hover=&#8221;null&#8221; button_two_bg_color__hover_enabled=&#8221;off&#8221; button_two_bg_color__hover=&#8221;null&#8221; sticky_enabled=&#8221;0&#8243;][\/et_pb_cta][et_pb_image src=&#8221;https:\/\/meneervaneijck.nl\/wp-content\/uploads\/2018\/06\/Huisdieren-zijnwelkom-1.png&#8221; align_tablet=&#8221;center&#8221; align_phone=&#8221;&#8221; align_last_edited=&#8221;on|desktop&#8221; _builder_version=&#8221;4.16&#8243; global_colors_info=&#8221;{}&#8221;]<\/p>\n<p>\n&nbsp;<\/p>\n<p>[\/et_pb_image][\/et_pb_column][\/et_pb_row][\/et_pb_section][et_pb_section fb_built=&#8221;1&#8243; _builder_version=&#8221;4.16&#8243; background_color=&#8221;#f9f9f9&#8243; custom_padding=&#8221;0px|0px|54px|0px&#8221; global_colors_info=&#8221;{}&#8221;][et_pb_row column_structure=&#8221;1_3,1_3,1_3&#8243; _builder_version=&#8221;4.16&#8243; global_colors_info=&#8221;{}&#8221;][et_pb_column type=&#8221;1_3&#8243; _builder_version=&#8221;4.16&#8243; custom_padding=&#8221;|||&#8221; global_colors_info=&#8221;{}&#8221; custom_padding__hover=&#8221;|||&#8221;][et_pb_text _builder_version=&#8221;4.27.3&#8243; text_orientation=&#8221;center&#8221; z_index_tablet=&#8221;500&#8243; global_colors_info=&#8221;{}&#8221;]<\/p>\n<h2 class=\"fancy\">Onze comfortabele \u00e9\u00e9npersoonskamers<\/h2>\n<p>[\/et_pb_text][et_pb_image src=&#8221;https:\/\/meneervaneijck.nl\/wp-content\/uploads\/2025\/05\/1G8A9822-HDR-scaled.jpg&#8221; title_text=&#8221;1G8A9822-HDR&#8221; align_tablet=&#8221;center&#8221; align_phone=&#8221;&#8221; align_last_edited=&#8221;on|desktop&#8221; _builder_version=&#8221;4.27.3&#8243; custom_margin=&#8221;|||&#8221; global_colors_info=&#8221;{}&#8221;]<\/p>\n<p>\n&nbsp;<\/p>\n<p>[\/et_pb_image][et_pb_text _builder_version=&#8221;4.27.0&#8243; z_index_tablet=&#8221;500&#8243; global_colors_info=&#8221;{}&#8221;]<\/p>\n<p>Onze \u00e9\u00e9npersoonskamers met houten vloeren beschikken over een bureau, een opbergkast en een badkamer met douche, toilet, wasbak en doucheartikelen. De kamer kijkt uit op het bos. Boeken, spelletjes en speelgoed zijn aanwezig.<\/p>\n<p>[\/et_pb_text][\/et_pb_column][et_pb_column type=&#8221;1_3&#8243; _builder_version=&#8221;4.16&#8243; custom_padding=&#8221;|||&#8221; global_colors_info=&#8221;{}&#8221; custom_padding__hover=&#8221;|||&#8221;][et_pb_text _builder_version=&#8221;4.27.3&#8243; text_orientation=&#8221;center&#8221; width=&#8221;80%&#8221; max_width=&#8221;1080px&#8221; global_colors_info=&#8221;{}&#8221;]<\/p>\n<h2 class=\"fancy\">Onze landelijke tweepersoonskamers<\/h2>\n<p>[\/et_pb_text][et_pb_image src=&#8221;https:\/\/meneervaneijck.nl\/wp-content\/uploads\/2025\/05\/1G8A9839-HDR-scaled.jpg&#8221; title_text=&#8221;1G8A9839-HDR&#8221; align_tablet=&#8221;center&#8221; align_phone=&#8221;&#8221; align_last_edited=&#8221;on|desktop&#8221; _builder_version=&#8221;4.27.3&#8243; global_colors_info=&#8221;{}&#8221;]<\/p>\n<p>\n&nbsp;<\/p>\n<p>[\/et_pb_image][et_pb_text _builder_version=&#8221;4.27.3&#8243; width=&#8221;100%&#8221; max_width=&#8221;1080px&#8221; global_colors_info=&#8221;{}&#8221;]<\/p>\n<p>Onze tweepersoonskamers beschikken over een kledingkast, een houten vloer en een badkamer met douche, toilet, wasbak en doucheartikelen. Alle kamers hebben uitzicht op het bos. Boeken, spelletjes en speelgoed zijn aanwezig.<\/p>\n<p>[\/et_pb_text][\/et_pb_column][et_pb_column type=&#8221;1_3&#8243; _builder_version=&#8221;4.16&#8243; custom_padding=&#8221;|||&#8221; global_colors_info=&#8221;{}&#8221; custom_padding__hover=&#8221;|||&#8221;][et_pb_text _builder_version=&#8221;4.27.3&#8243; text_orientation=&#8221;center&#8221; global_colors_info=&#8221;{}&#8221;]<\/p>\n<h2 class=\"fancy\">Onze riante<br \/>familiekamer<\/h2>\n<p>[\/et_pb_text][et_pb_image src=&#8221;https:\/\/meneervaneijck.nl\/wp-content\/uploads\/2025\/05\/1G8A0841-HDR-scaled.jpg&#8221; title_text=&#8221;1G8A0841-HDR&#8221; align_tablet=&#8221;center&#8221; align_phone=&#8221;&#8221; align_last_edited=&#8221;on|desktop&#8221; _builder_version=&#8221;4.27.3&#8243; global_colors_info=&#8221;{}&#8221;]<\/p>\n<p>\n&nbsp;<\/p>\n<p>[\/et_pb_image][et_pb_text _builder_version=&#8221;4.27.3&#8243; width=&#8221;100%&#8221; max_width=&#8221;1080px&#8221; global_colors_info=&#8221;{}&#8221;]<\/p>\n<div class=\"flex-grid__item two-thirds palm-one-whole push--right\">\n<p>Onze familiekamer beschikt over twee splitsbare tweepersoonsbedden, een zithoek,\u00a0 airco, een opbergkast, een kluis en een badkamer met douche en ligbad, toilet, wasbak en doucheartikelen. De kamer heeft uitzicht op het bos. Boeken, spelletjes en speelgoed zijn aanwezig. Honden zijn op deze kamer helaas niet toegestaan.<\/p>\n<\/div>\n<p>[\/et_pb_text][\/et_pb_column][\/et_pb_row][\/et_pb_section][et_pb_section fb_built=&#8221;1&#8243; _builder_version=&#8221;4.16&#8243; custom_padding=&#8221;0px|0px|0px|0px&#8221; global_colors_info=&#8221;{}&#8221;][et_pb_row column_structure=&#8221;1_4,1_4,1_4,1_4&#8243; use_custom_gutter=&#8221;on&#8221; gutter_width=&#8221;0&#8243; module_class=&#8221; et_pb_row_fullwidth et_pb_row_fullwidth et_pb_row_fullwidth&#8221; _builder_version=&#8221;4.16&#8243; width=&#8221;100%&#8221; width_tablet=&#8221;100%&#8221; width_phone=&#8221;&#8221; width_last_edited=&#8221;on|desktop&#8221; max_width=&#8221;100%&#8221; max_width_tablet=&#8221;100%&#8221; max_width_phone=&#8221;&#8221; max_width_last_edited=&#8221;on|desktop&#8221; custom_padding=&#8221;0px|0px|0px|0px&#8221; make_fullwidth=&#8221;on&#8221; global_colors_info=&#8221;{}&#8221;][et_pb_column type=&#8221;1_4&#8243; _builder_version=&#8221;4.16&#8243; custom_padding=&#8221;|||&#8221; global_colors_info=&#8221;{}&#8221; custom_padding__hover=&#8221;|||&#8221;][et_pb_image src=&#8221;https:\/\/meneervaneijck.nl\/wp-content\/uploads\/2025\/05\/1G8A9783-scaled.jpg&#8221; title_text=&#8221;1G8A9783&#8243; align_tablet=&#8221;center&#8221; align_phone=&#8221;&#8221; align_last_edited=&#8221;on|desktop&#8221; _builder_version=&#8221;4.27.3&#8243; global_colors_info=&#8221;{}&#8221;]<\/p>\n<p style=\"text-align: left\">\n[\/et_pb_image][\/et_pb_column][et_pb_column type=&#8221;1_4&#8243; _builder_version=&#8221;4.16&#8243; custom_padding=&#8221;|||&#8221; global_colors_info=&#8221;{}&#8221; custom_padding__hover=&#8221;|||&#8221;][et_pb_image src=&#8221;https:\/\/meneervaneijck.nl\/wp-content\/uploads\/2025\/05\/1G8A9830-HDR-scaled.jpg&#8221; title_text=&#8221;1G8A9830-HDR&#8221; align_tablet=&#8221;center&#8221; align_phone=&#8221;&#8221; align_last_edited=&#8221;on|desktop&#8221; _builder_version=&#8221;4.27.3&#8243; global_colors_info=&#8221;{}&#8221;]<\/p>\n<p style=\"text-align: left\">\n[\/et_pb_image][\/et_pb_column][et_pb_column type=&#8221;1_4&#8243; _builder_version=&#8221;4.16&#8243; custom_padding=&#8221;|||&#8221; global_colors_info=&#8221;{}&#8221; custom_padding__hover=&#8221;|||&#8221;][et_pb_image src=&#8221;https:\/\/meneervaneijck.nl\/wp-content\/uploads\/2025\/05\/1G8A0795-scaled.jpg&#8221; title_text=&#8221;1G8A0795&#8243; align_tablet=&#8221;center&#8221; align_phone=&#8221;&#8221; align_last_edited=&#8221;on|desktop&#8221; _builder_version=&#8221;4.27.3&#8243; global_colors_info=&#8221;{}&#8221;]<\/p>\n<p style=\"text-align: left\">\n[\/et_pb_image][\/et_pb_column][et_pb_column type=&#8221;1_4&#8243; _builder_version=&#8221;4.16&#8243; custom_padding=&#8221;|||&#8221; global_colors_info=&#8221;{}&#8221; custom_padding__hover=&#8221;|||&#8221;][et_pb_image src=&#8221;https:\/\/meneervaneijck.nl\/wp-content\/uploads\/2025\/05\/1G8A9808-scaled.jpg&#8221; title_text=&#8221;1G8A9808&#8243; align_tablet=&#8221;center&#8221; align_phone=&#8221;&#8221; align_last_edited=&#8221;on|desktop&#8221; _builder_version=&#8221;4.27.3&#8243; global_colors_info=&#8221;{}&#8221;]<\/p>\n<p style=\"text-align: left\">\n[\/et_pb_image][\/et_pb_column][\/et_pb_row][\/et_pb_section]<\/p>\n","protected":false},"excerpt":{"rendered":"<p>Stel je eens voor, je wordt \u2019s ochtends wakker met het gezang van vogels en je draait je nog een keertje om onder je comfortabele dekbed. Langzaam ontwaak je en als je je benen buiten het bed hebt gezet, geniet je van het prachtige uitzicht op het bos. Na een heerlijke douche ga je naar [&hellip;]<\/p>\n","protected":false},"author":1,"featured_media":0,"parent":0,"menu_order":0,"comment_status":"closed","ping_status":"closed","template":"","meta":{"_et_pb_use_builder":"on","_et_pb_old_content":"","_et_gb_content_width":"","footnotes":""},"class_list":["post-17","page","type-page","status-publish","hentry"],"yoast_head":"<!-- This site is optimized with the Yoast SEO plugin v27.4 - https:\/\/yoast.com\/product\/yoast-seo-wordpress\/ -->\n<title>Slapen In De Bossen Van Oisterwijk | Meneer Van Eijck<\/title>\n<meta name=\"description\" content=\"Stel je eens voor, je wordt \u2019s ochtends wakker van het fluiten van de vogels en je draait je nog een keertje om onder je comfortabele dekbed.\" \/>\n<meta name=\"robots\" content=\"index, follow, max-snippet:-1, max-image-preview:large, max-video-preview:-1\" \/>\n<link rel=\"canonical\" href=\"https:\/\/meneervaneijck.nl\/en\/hotel\/\" \/>\n<meta property=\"og:locale\" content=\"en_GB\" \/>\n<meta property=\"og:type\" content=\"article\" \/>\n<meta property=\"og:title\" content=\"Slapen In De Bossen Van Oisterwijk | Meneer Van Eijck\" \/>\n<meta property=\"og:description\" content=\"Stel je eens voor, je wordt \u2019s ochtends wakker van het fluiten van de vogels en je draait je nog een keertje om onder je comfortabele dekbed.\" \/>\n<meta property=\"og:url\" content=\"https:\/\/meneervaneijck.nl\/en\/hotel\/\" \/>\n<meta property=\"og:site_name\" content=\"Meneer Van Eijck\" \/>\n<meta property=\"article:modified_time\" content=\"2026-01-22T08:13:57+00:00\" \/>\n<meta name=\"twitter:card\" content=\"summary_large_image\" \/>\n<meta name=\"twitter:label1\" content=\"Estimated reading time\" \/>\n\t<meta name=\"twitter:data1\" content=\"4 minutes\" \/>\n<script type=\"application\/ld+json\" class=\"yoast-schema-graph\">{\"@context\":\"https:\\\/\\\/schema.org\",\"@graph\":[{\"@type\":\"WebPage\",\"@id\":\"https:\\\/\\\/meneervaneijck.nl\\\/hotel\\\/\",\"url\":\"https:\\\/\\\/meneervaneijck.nl\\\/hotel\\\/\",\"name\":\"Slapen In De Bossen Van Oisterwijk | Meneer Van Eijck\",\"isPartOf\":{\"@id\":\"https:\\\/\\\/meneervaneijck.nl\\\/#website\"},\"datePublished\":\"2018-06-13T19:10:35+00:00\",\"dateModified\":\"2026-01-22T08:13:57+00:00\",\"description\":\"Stel je eens voor, je wordt \u2019s ochtends wakker van het fluiten van de vogels en je draait je nog een keertje om onder je comfortabele dekbed.\",\"breadcrumb\":{\"@id\":\"https:\\\/\\\/meneervaneijck.nl\\\/hotel\\\/#breadcrumb\"},\"inLanguage\":\"en-GB\",\"potentialAction\":[{\"@type\":\"ReadAction\",\"target\":[\"https:\\\/\\\/meneervaneijck.nl\\\/hotel\\\/\"]}]},{\"@type\":\"BreadcrumbList\",\"@id\":\"https:\\\/\\\/meneervaneijck.nl\\\/hotel\\\/#breadcrumb\",\"itemListElement\":[{\"@type\":\"ListItem\",\"position\":1,\"name\":\"Home\",\"item\":\"https:\\\/\\\/meneervaneijck.nl\\\/\"},{\"@type\":\"ListItem\",\"position\":2,\"name\":\"HOTEL\"}]},{\"@type\":\"WebSite\",\"@id\":\"https:\\\/\\\/meneervaneijck.nl\\\/#website\",\"url\":\"https:\\\/\\\/meneervaneijck.nl\\\/\",\"name\":\"Meneer Van Eijck\",\"description\":\"Oisterwijk\",\"potentialAction\":[{\"@type\":\"SearchAction\",\"target\":{\"@type\":\"EntryPoint\",\"urlTemplate\":\"https:\\\/\\\/meneervaneijck.nl\\\/?s={search_term_string}\"},\"query-input\":{\"@type\":\"PropertyValueSpecification\",\"valueRequired\":true,\"valueName\":\"search_term_string\"}}],\"inLanguage\":\"en-GB\"}]}<\/script>\n<!-- \/ Yoast SEO plugin. -->","yoast_head_json":{"title":"Slapen In De Bossen Van Oisterwijk | Meneer Van Eijck","description":"Stel je eens voor, je wordt \u2019s ochtends wakker van het fluiten van de vogels en je draait je nog een keertje om onder je comfortabele dekbed.","robots":{"index":"index","follow":"follow","max-snippet":"max-snippet:-1","max-image-preview":"max-image-preview:large","max-video-preview":"max-video-preview:-1"},"canonical":"https:\/\/meneervaneijck.nl\/en\/hotel\/","og_locale":"en_GB","og_type":"article","og_title":"Slapen In De Bossen Van Oisterwijk | Meneer Van Eijck","og_description":"Stel je eens voor, je wordt \u2019s ochtends wakker van het fluiten van de vogels en je draait je nog een keertje om onder je comfortabele dekbed.","og_url":"https:\/\/meneervaneijck.nl\/en\/hotel\/","og_site_name":"Meneer Van Eijck","article_modified_time":"2026-01-22T08:13:57+00:00","twitter_card":"summary_large_image","twitter_misc":{"Estimated reading time":"4 minutes"},"schema":{"@context":"https:\/\/schema.org","@graph":[{"@type":"WebPage","@id":"https:\/\/meneervaneijck.nl\/hotel\/","url":"https:\/\/meneervaneijck.nl\/hotel\/","name":"Slapen In De Bossen Van Oisterwijk | Meneer Van Eijck","isPartOf":{"@id":"https:\/\/meneervaneijck.nl\/#website"},"datePublished":"2018-06-13T19:10:35+00:00","dateModified":"2026-01-22T08:13:57+00:00","description":"Stel je eens voor, je wordt \u2019s ochtends wakker van het fluiten van de vogels en je draait je nog een keertje om onder je comfortabele dekbed.","breadcrumb":{"@id":"https:\/\/meneervaneijck.nl\/hotel\/#breadcrumb"},"inLanguage":"en-GB","potentialAction":[{"@type":"ReadAction","target":["https:\/\/meneervaneijck.nl\/hotel\/"]}]},{"@type":"BreadcrumbList","@id":"https:\/\/meneervaneijck.nl\/hotel\/#breadcrumb","itemListElement":[{"@type":"ListItem","position":1,"name":"Home","item":"https:\/\/meneervaneijck.nl\/"},{"@type":"ListItem","position":2,"name":"HOTEL"}]},{"@type":"WebSite","@id":"https:\/\/meneervaneijck.nl\/#website","url":"https:\/\/meneervaneijck.nl\/","name":"Mr Van Eijck","description":"Oisterwijk","potentialAction":[{"@type":"SearchAction","target":{"@type":"EntryPoint","urlTemplate":"https:\/\/meneervaneijck.nl\/?s={search_term_string}"},"query-input":{"@type":"PropertyValueSpecification","valueRequired":true,"valueName":"search_term_string"}}],"inLanguage":"en-GB"}]}},"_links":{"self":[{"href":"https:\/\/meneervaneijck.nl\/en\/wp-json\/wp\/v2\/pages\/17","targetHints":{"allow":["GET"]}}],"collection":[{"href":"https:\/\/meneervaneijck.nl\/en\/wp-json\/wp\/v2\/pages"}],"about":[{"href":"https:\/\/meneervaneijck.nl\/en\/wp-json\/wp\/v2\/types\/page"}],"author":[{"embeddable":true,"href":"https:\/\/meneervaneijck.nl\/en\/wp-json\/wp\/v2\/users\/1"}],"replies":[{"embeddable":true,"href":"https:\/\/meneervaneijck.nl\/en\/wp-json\/wp\/v2\/comments?post=17"}],"version-history":[{"count":32,"href":"https:\/\/meneervaneijck.nl\/en\/wp-json\/wp\/v2\/pages\/17\/revisions"}],"predecessor-version":[{"id":20552,"href":"https:\/\/meneervaneijck.nl\/en\/wp-json\/wp\/v2\/pages\/17\/revisions\/20552"}],"wp:attachment":[{"href":"https:\/\/meneervaneijck.nl\/en\/wp-json\/wp\/v2\/media?parent=17"}],"curies":[{"name":"wp","href":"https:\/\/api.w.org\/{rel}","templated":true}]}}